{"id":19518,"date":"2021-03-21T03:39:31","date_gmt":"2021-03-21T02:39:31","guid":{"rendered":"http:\/\/conchibenidorm.com\/propietarios-copy\/"},"modified":"2022-09-15T12:26:29","modified_gmt":"2022-09-15T10:26:29","slug":"trabaja-con-nosotros","status":"publish","type":"page","link":"https:\/\/conchibenidorm.com\/nl\/trabaja-con-nosotros\/","title":{"rendered":"Trabaja con nosotros | Apartamentos Conchi Benidorm"},"content":{"rendered":"<div data-elementor-type=\"wp-post\" data-elementor-id=\"19518\" class=\"elementor elementor-19518\">\n\t\t\t\t\t\t<section class=\"elementor-section elementor-top-section elementor-element elementor-element-3a46344f elementor-section-stretched elementor-section-height-min-height elementor-section-boxed elementor-section-height-default elementor-section-items-middle\" data-id=\"3a46344f\" data-element_type=\"section\" data-e-type=\"section\" data-settings=\"{&quot;stretch_section&quot;:&quot;section-stretched&quot;,&quot;background_background&quot;:&quot;classic&quot;}\">\n\t\t\t\t\t\t\t<div class=\"elementor-background-overlay\"><\/div>\n\t\t\t\t\t\t\t<div class=\"elementor-container elementor-column-gap-default\">\n\t\t\t\t\t<div class=\"elementor-column elementor-col-100 elementor-top-column elementor-element elementor-element-28fcac3f\" data-id=\"28fcac3f\" data-element_type=\"column\" data-e-type=\"column\">\n\t\t\t<div class=\"elementor-widget-wrap\">\n\t\t\t\t\t\t\t<\/div>\n\t\t<\/div>\n\t\t\t\t\t<\/div>\n\t\t<\/section>\n\t\t\t\t<section class=\"elementor-section elementor-top-section elementor-element elementor-element-d33cdfd elementor-section-boxed elementor-section-height-default elementor-section-height-default\" data-id=\"d33cdfd\" data-element_type=\"section\" data-e-type=\"section\">\n\t\t\t\t\t\t<div class=\"elementor-container elementor-column-gap-default\">\n\t\t\t\t\t<div class=\"elementor-column elementor-col-33 elementor-top-column elementor-element elementor-element-de8d956\" data-id=\"de8d956\" data-element_type=\"column\" data-e-type=\"column\">\n\t\t\t<div class=\"elementor-widget-wrap elementor-element-populated\">\n\t\t\t\t\t\t<div class=\"elementor-element elementor-element-266101a elementor-widget elementor-widget-image\" data-id=\"266101a\" data-element_type=\"widget\" data-e-type=\"widget\" data-widget_type=\"image.default\">\n\t\t\t\t<div class=\"elementor-widget-container\">\n\t\t\t\t\t\t\t\t\t\t\t\t\t\t\t<img fetchpriority=\"high\" decoding=\"async\" width=\"768\" height=\"1012\" src=\"https:\/\/conchibenidorm.com\/wp-content\/uploads\/2021\/06\/Bolsa-de-empleo-Trabaja-con-nosotros-Apartamentos-Conchi-Benidorm-768x1012.png\" class=\"attachment-medium_large size-medium_large wp-image-20298\" alt=\"\" srcset=\"https:\/\/conchibenidorm.com\/wp-content\/uploads\/2021\/06\/Bolsa-de-empleo-Trabaja-con-nosotros-Apartamentos-Conchi-Benidorm-768x1012.png 768w, https:\/\/conchibenidorm.com\/wp-content\/uploads\/2021\/06\/Bolsa-de-empleo-Trabaja-con-nosotros-Apartamentos-Conchi-Benidorm-228x300.png 228w, https:\/\/conchibenidorm.com\/wp-content\/uploads\/2021\/06\/Bolsa-de-empleo-Trabaja-con-nosotros-Apartamentos-Conchi-Benidorm-777x1024.png 777w, https:\/\/conchibenidorm.com\/wp-content\/uploads\/2021\/06\/Bolsa-de-empleo-Trabaja-con-nosotros-Apartamentos-Conchi-Benidorm-9x12.png 9w, https:\/\/conchibenidorm.com\/wp-content\/uploads\/2021\/06\/Bolsa-de-empleo-Trabaja-con-nosotros-Apartamentos-Conchi-Benidorm.png 1096w\" sizes=\"(max-width: 768px) 100vw, 768px\" \/>\t\t\t\t\t\t\t\t\t\t\t\t\t\t\t<\/div>\n\t\t\t\t<\/div>\n\t\t\t\t\t<\/div>\n\t\t<\/div>\n\t\t\t\t<div class=\"elementor-column elementor-col-66 elementor-top-column elementor-element elementor-element-b9b5b11\" data-id=\"b9b5b11\" data-element_type=\"column\" data-e-type=\"column\">\n\t\t\t<div class=\"elementor-widget-wrap elementor-element-populated\">\n\t\t\t\t\t\t<div class=\"elementor-element elementor-element-e498f30 elementor-widget elementor-widget-heading\" data-id=\"e498f30\" data-element_type=\"widget\" data-e-type=\"widget\" data-widget_type=\"heading.default\">\n\t\t\t\t<div class=\"elementor-widget-container\">\n\t\t\t\t\t<h2 class=\"elementor-heading-title elementor-size-default\">Werken bij  \n<br> Conchi Benidorm<\/h2>\t\t\t\t<\/div>\n\t\t\t\t<\/div>\n\t\t\t\t<div class=\"elementor-element elementor-element-2c0d57e elementor-widget-divider--view-line elementor-widget elementor-widget-divider\" data-id=\"2c0d57e\" data-element_type=\"widget\" data-e-type=\"widget\" data-widget_type=\"divider.default\">\n\t\t\t\t<div class=\"elementor-widget-container\">\n\t\t\t\t\t\t\t<div class=\"elementor-divider\">\n\t\t\t<span class=\"elementor-divider-separator\">\n\t\t\t\t\t\t<\/span>\n\t\t<\/div>\n\t\t\t\t\t\t<\/div>\n\t\t\t\t<\/div>\n\t\t\t\t<div class=\"elementor-element elementor-element-35dc181 elementor-widget elementor-widget-text-editor\" data-id=\"35dc181\" data-element_type=\"widget\" data-e-type=\"widget\" data-widget_type=\"text-editor.default\">\n\t\t\t\t<div class=\"elementor-widget-container\">\n\t\t\t\t\t\t\t\t\t<p>Ontdek de mogelijkheid om deel uit te maken van ons groeiende en bloeiende team. We zoeken de beste professionals in het vakgebied. Als jij een georganiseerd, dynamisch persoon bent met een sterk verantwoordelijkheidsgevoel, dan is dit d\u00e9 plek voor jou.<\/p>\n<p><span style=\"color: var( --e-global-color-text ); font-family: var( --e-global-typography-text-font-family ), Sans-serif;\">Als je deel wilt uitmaken van CONCHI BENIDORM, stuur dan je cv samen met een korte introductie waarin je uitlegt waarom je met ons wilt werken naar het volgende e-mailadres<\/span><\/p>\n<p><span style=\"color: var( --e-global-color-text ); font-family: var( --e-global-typography-text-font-family ), Sans-serif;\">We kijken uit naar je sollicitatie!<\/span><\/p>\t\t\t\t\t\t\t\t<\/div>\n\t\t\t\t<\/div>\n\t\t\t\t\t<\/div>\n\t\t<\/div>\n\t\t\t\t\t<\/div>\n\t\t<\/section>\n\t\t\t\t<section class=\"elementor-section elementor-top-section elementor-element elementor-element-cf82b15 elementor-section-boxed elementor-section-height-default elementor-section-height-default\" data-id=\"cf82b15\" data-element_type=\"section\" data-e-type=\"section\">\n\t\t\t\t\t\t<div class=\"elementor-container elementor-column-gap-default\">\n\t\t\t\t\t<div class=\"elementor-column elementor-col-100 elementor-top-column elementor-element elementor-element-cd98bee\" data-id=\"cd98bee\" data-element_type=\"column\" data-e-type=\"column\">\n\t\t\t<div class=\"elementor-widget-wrap elementor-element-populated\">\n\t\t\t\t\t\t<div class=\"elementor-element elementor-element-4964090 elementor-widget elementor-widget-toggle\" data-id=\"4964090\" data-element_type=\"widget\" data-e-type=\"widget\" data-widget_type=\"toggle.default\">\n\t\t\t\t<div class=\"elementor-widget-container\">\n\t\t\t\t\t\t\t<div class=\"elementor-toggle\">\n\t\t\t\t\t\t\t<div class=\"elementor-toggle-item\">\n\t\t\t\t\t<div id=\"elementor-tab-title-7691\" class=\"elementor-tab-title\" data-tab=\"1\" role=\"button\" aria-controls=\"elementor-tab-content-7691\" aria-expanded=\"false\">\n\t\t\t\t\t\t\t\t\t\t\t\t<span class=\"elementor-toggle-icon elementor-toggle-icon-left\" aria-hidden=\"true\">\n\t\t\t\t\t\t\t\t\t\t\t\t\t\t\t<span class=\"elementor-toggle-icon-closed\"><i class=\"fas fa-caret-right\"><\/i><\/span>\n\t\t\t\t\t\t\t\t<span class=\"elementor-toggle-icon-opened\"><i class=\"elementor-toggle-icon-opened fas fa-caret-up\"><\/i><\/span>\n\t\t\t\t\t\t\t\t\t\t\t\t\t<\/span>\n\t\t\t\t\t\t\t\t\t\t\t\t<a class=\"elementor-toggle-title\" tabindex=\"0\">PERSONAL POLIVALENTE<\/a>\n\t\t\t\t\t<\/div>\n\n\t\t\t\t\t<div id=\"elementor-tab-content-7691\" class=\"elementor-tab-content elementor-clearfix\" data-tab=\"1\" role=\"region\" aria-labelledby=\"elementor-tab-title-7691\"><p>Apartamentos Conchi Benidorm precisa contratar\u00a0 personal\u00a0 para su oficina en Benidorm.<\/p><p>El puesto de trabajo se desarrollar\u00e1 en Benidorm y el \u00e1mbito de trabajo ser\u00e1 internacional, por ello es imprescindible un nivel de holand\u00e9s alto. Se valorar\u00e1n estudios y experiencia relacionada con el turismo as\u00ed como poseer dotes comerciales y habilidad telef\u00f3nica.<\/p><p>Las tareas principales ser\u00e1n las siguientes:<\/p><ul><li>Check-in y check-out de clientes<\/li><li>Atenci\u00f3n telef\u00f3nica a clientes y colaboradores<\/li><li>Facturaci\u00f3n, cobro y gesti\u00f3n de fianzas<\/li><li>Venta de servicios a\u00f1adidos<\/li><li>Coordinaci\u00f3n de limpiezas de apartamentos<\/li><li>Limpieza de apartamentos<\/li><li>Revisi\u00f3n de apartamentos<\/li><\/ul><p>Solicitamos un perfil con capacidad organizativa, eficiente en la limpieza y con una buena atenci\u00f3n al cliente. Se valorar\u00e1 conocimientos de idiomas.<\/p><\/div>\n\t\t\t\t<\/div>\n\t\t\t\t\t\t\t<div class=\"elementor-toggle-item\">\n\t\t\t\t\t<div id=\"elementor-tab-title-7692\" class=\"elementor-tab-title\" data-tab=\"2\" role=\"button\" aria-controls=\"elementor-tab-content-7692\" aria-expanded=\"false\">\n\t\t\t\t\t\t\t\t\t\t\t\t<span class=\"elementor-toggle-icon elementor-toggle-icon-left\" aria-hidden=\"true\">\n\t\t\t\t\t\t\t\t\t\t\t\t\t\t\t<span class=\"elementor-toggle-icon-closed\"><i class=\"fas fa-caret-right\"><\/i><\/span>\n\t\t\t\t\t\t\t\t<span class=\"elementor-toggle-icon-opened\"><i class=\"elementor-toggle-icon-opened fas fa-caret-up\"><\/i><\/span>\n\t\t\t\t\t\t\t\t\t\t\t\t\t<\/span>\n\t\t\t\t\t\t\t\t\t\t\t\t<a class=\"elementor-toggle-title\" tabindex=\"0\">ATENCI\u00d3N AL CLIENTE Y RESERVAS<\/a>\n\t\t\t\t\t<\/div>\n\n\t\t\t\t\t<div id=\"elementor-tab-content-7692\" class=\"elementor-tab-content elementor-clearfix\" data-tab=\"2\" role=\"region\" aria-labelledby=\"elementor-tab-title-7692\"><p>Las tareas principales ser\u00e1n las propias del puesto de atenci\u00f3n al cliente:<\/p><ul><li>Recepci\u00f3n de llamadas telef\u00f3nicas<\/li><li>Emisi\u00f3n de llamadas telef\u00f3nicas<\/li><li>Gesti\u00f3n de tickets y correos electr\u00f3nicos<\/li><li>Gesti\u00f3n de reservas en alojamientos<\/li><li>Gesti\u00f3n de cobros de reservas<\/li><\/ul><p>El puesto de trabajo se desarrollar\u00e1 en Benidorm y el \u00e1mbito de trabajo ser\u00e1 internacional, por ello es imprescindible un nivel de holand\u00e9s alto. Se valorar\u00e1n estudios y experiencia relacionada con el turismo as\u00ed como poseer dotes comerciales y habilidad telef\u00f3nica.<\/p><p><span style=\"color: var( --e-global-color-text ); font-family: var( --e-global-typography-text-font-family ), Sans-serif;\">Si eres una persona con capacidad organizativa, con ganas de trabajar y aprender y capaz de empatizar con el cliente, te estamos esperando.<\/span><\/p><p>Si est\u00e1s interesada\/o env\u00edanos tu curriculum a la siguiente direcci\u00f3n de correo electr\u00f3nico hola@conchibenidorm.com<\/p><\/div>\n\t\t\t\t<\/div>\n\t\t\t\t\t\t\t<div class=\"elementor-toggle-item\">\n\t\t\t\t\t<div id=\"elementor-tab-title-7693\" class=\"elementor-tab-title\" data-tab=\"3\" role=\"button\" aria-controls=\"elementor-tab-content-7693\" aria-expanded=\"false\">\n\t\t\t\t\t\t\t\t\t\t\t\t<span class=\"elementor-toggle-icon elementor-toggle-icon-left\" aria-hidden=\"true\">\n\t\t\t\t\t\t\t\t\t\t\t\t\t\t\t<span class=\"elementor-toggle-icon-closed\"><i class=\"fas fa-caret-right\"><\/i><\/span>\n\t\t\t\t\t\t\t\t<span class=\"elementor-toggle-icon-opened\"><i class=\"elementor-toggle-icon-opened fas fa-caret-up\"><\/i><\/span>\n\t\t\t\t\t\t\t\t\t\t\t\t\t<\/span>\n\t\t\t\t\t\t\t\t\t\t\t\t<a class=\"elementor-toggle-title\" tabindex=\"0\">LIMPIEZA<\/a>\n\t\t\t\t\t<\/div>\n\n\t\t\t\t\t<div id=\"elementor-tab-content-7693\" class=\"elementor-tab-content elementor-clearfix\" data-tab=\"3\" role=\"region\" aria-labelledby=\"elementor-tab-title-7693\"><p>Las tareas principales ser\u00e1n las propias del puesto de limpieza; limpieza de los apartamentos tras la salida del cliente, chequeo del estado del apartamento, cambio de lencer\u00eda y toallas.<\/p><p>Nuestros apartamentos se encuentran todos en la zona de la playa de Levante en Benidorm, por lo cu\u00e1l no es necesario tener veh\u00edculo propio.\u00a0<\/p><p>Las tareas realizadas ser\u00e1n:<\/p><ul><li>Limpieza de apartamentos<\/li><li>Revisi\u00f3n de apartamentos para la devoluci\u00f3n de fianzas<\/li><li>Revisi\u00f3n de menaje de los apartamentos<\/li><li>Revisi\u00f3n del mantenimiento de los apartamentos e indicaci\u00f3n de cualquier posible incidencia<\/li><\/ul><p>Solicitamos un perfil con capacidad organizativa, eficiente en la limpieza y con una buena atenci\u00f3n al cliente.<\/p><\/div>\n\t\t\t\t<\/div>\n\t\t\t\t\t\t\t\t<\/div>\n\t\t\t\t\t\t<\/div>\n\t\t\t\t<\/div>\n\t\t\t\t\t<\/div>\n\t\t<\/div>\n\t\t\t\t\t<\/div>\n\t\t<\/section>\n\t\t\t\t<section class=\"elementor-section elementor-top-section elementor-element elementor-element-a74ea5f elementor-section-boxed elementor-section-height-default elementor-section-height-default\" data-id=\"a74ea5f\" data-element_type=\"section\" data-e-type=\"section\">\n\t\t\t\t\t\t<div class=\"elementor-container elementor-column-gap-default\">\n\t\t\t\t\t<div class=\"elementor-column elementor-col-100 elementor-top-column elementor-element elementor-element-7f6724e\" data-id=\"7f6724e\" data-element_type=\"column\" data-e-type=\"column\">\n\t\t\t<div class=\"elementor-widget-wrap elementor-element-populated\">\n\t\t\t\t\t\t<div class=\"elementor-element elementor-element-4437409 elementor-align-center elementor-widget elementor-widget-button\" data-id=\"4437409\" data-element_type=\"widget\" data-e-type=\"widget\" data-widget_type=\"button.default\">\n\t\t\t\t<div class=\"elementor-widget-container\">\n\t\t\t\t\t\t\t\t\t<div class=\"elementor-button-wrapper\">\n\t\t\t\t\t<a class=\"elementor-button elementor-button-link elementor-size-lg\" href=\"mailto:hola@conchibenidorm.com?subject=Curriculum Vitae\">\n\t\t\t\t\t\t<span class=\"elementor-button-content-wrapper\">\n\t\t\t\t\t\t<span class=\"elementor-button-icon\">\n\t\t\t\t<i aria-hidden=\"true\" class=\"far fa-envelope\"><\/i>\t\t\t<\/span>\n\t\t\t\t\t\t\t\t\t<span class=\"elementor-button-text\">Env\u00edanos tu curr\u00edculum<\/span>\n\t\t\t\t\t<\/span>\n\t\t\t\t\t<\/a>\n\t\t\t\t<\/div>\n\t\t\t\t\t\t\t\t<\/div>\n\t\t\t\t<\/div>\n\t\t\t\t\t<\/div>\n\t\t<\/div>\n\t\t\t\t\t<\/div>\n\t\t<\/section>\n\t\t\t\t<\/div>","protected":false},"excerpt":{"rendered":"<p>Trabaja con nosotros Te ofrecemos la posibilidad de incorporaci\u00f3n a un plan de trabajo en continuo crecimiento y expansi\u00f3n. Para ello pretendemos contar con los mejores profesionales del sector. Si te consideras una persona organizada, din\u00e1mica y con alto sentido de la responsabilidad, esta es tu empresa. Si quieres formar parte de CONCHI BENIDORM env\u00edanos &#8230;<\/p>","protected":false},"author":1,"featured_media":0,"parent":0,"menu_order":0,"comment_status":"closed","ping_status":"closed","template":"","meta":{"footnotes":""},"class_list":["post-19518","page","type-page","status-publish","hentry"],"_links":{"self":[{"href":"https:\/\/conchibenidorm.com\/nl\/wp-json\/wp\/v2\/pages\/19518","targetHints":{"allow":["GET"]}}],"collection":[{"href":"https:\/\/conchibenidorm.com\/nl\/wp-json\/wp\/v2\/pages"}],"about":[{"href":"https:\/\/conchibenidorm.com\/nl\/wp-json\/wp\/v2\/types\/page"}],"author":[{"embeddable":true,"href":"https:\/\/conchibenidorm.com\/nl\/wp-json\/wp\/v2\/users\/1"}],"replies":[{"embeddable":true,"href":"https:\/\/conchibenidorm.com\/nl\/wp-json\/wp\/v2\/comments?post=19518"}],"version-history":[{"count":67,"href":"https:\/\/conchibenidorm.com\/nl\/wp-json\/wp\/v2\/pages\/19518\/revisions"}],"predecessor-version":[{"id":23905,"href":"https:\/\/conchibenidorm.com\/nl\/wp-json\/wp\/v2\/pages\/19518\/revisions\/23905"}],"wp:attachment":[{"href":"https:\/\/conchibenidorm.com\/nl\/wp-json\/wp\/v2\/media?parent=19518"}],"curies":[{"name":"wp","href":"https:\/\/api.w.org\/{rel}","templated":true}]}}