{"id":19511,"date":"2021-03-21T03:28:20","date_gmt":"2021-03-21T02:28:20","guid":{"rendered":"http:\/\/conchibenidorm.com\/politica-de-cookies-copy\/"},"modified":"2026-01-27T14:51:01","modified_gmt":"2026-01-27T13:51:01","slug":"condiciones-generales","status":"publish","type":"page","link":"https:\/\/conchibenidorm.com\/nl\/condiciones-generales\/","title":{"rendered":"Algemene voorwaarden"},"content":{"rendered":"<p><strong>RESERVERINGEN:<\/strong><\/p>\n\n\n\n<p>Zodra de reserveringsaanvraag is gedaan via het reserveringsformulier of e-mail, waarbij je jouw persoonlijke gegevens invoert, ontvang je een e-mail van Conchi Benidorm met daarin de verdere informatie.<\/p>\n\n\n\n<p>Om de reservering te maken, dient er een aanbetaling van \u20ac 200,00 te worden betaald. Het resterende bedrag zal twee weken voor aankomst worden betaald via een bankoverschrijving, samen met de borg van \u20ac 200,00. De borg zal aan het eind van je verblijf worden teruggestort op de door jou doorgegeven bankrekening.<\/p>\n\n\n\n<p>De borg wordt uiterlijk 14 dagen na afloop van het verblijf via bankoverschrijving teruggestort.<\/p>\n\n\n\n<hr class=\"wp-block-separator has-alpha-channel-opacity\"\/>\n\n\n\n<p><strong>ANNULERINGEN:<\/strong><\/p>\n\n\n\n<p>Indien de huurder om welke reden dan ook het gehuurde appartement niet op de afgesproken datum kan of wil aannemen, dient hij Conchi Benidorm hiervan onmiddellijk op de hoogte te stellen. Deze melding dient per e-mail te worden bevestigd. Hiermee wordt de reservering geannuleerd. De betaalde aanbetaling wordt gerekend als annuleringskosten en daarom wordt de gast niet terugbetaald. Conchi Benidorm is niet verantwoordelijk voor misverstanden veroorzaakt door het niet schriftelijk communiceren van genoemde wijzigingen of annuleringen en kan elke claim van de gast afwijzen.<\/p>\n\n\n\n<p>Elke annulering, inclusief overmacht, is onderworpen aan deze annuleringsvoorwaarden. Conchi Benidorm raadt aan om een \u200b\u200breisverzekering af te sluiten die de kosten dekt die voortvloeien uit de bovengenoemde annuleringsvoorwaarden.<\/p>\n\n\n\n<p>Conchi Benidorm behoudt zich het recht voor om in geval van brand, overstroming, diefstal, enz. het appartement dat door de huurder is gereserveerd te wijzigen in een ander appartement van dezelfde of hogere categorie.<\/p>\n\n\n\n<hr class=\"wp-block-separator has-alpha-channel-opacity\"\/>\n\n\n\n<p><strong>AANKOMST \/ VERTREK:<\/strong><\/p>\n\n\n\n<p><strong>Het inchecken vindt plaats op de 1e of de 16e van de maand tussen 10:00 en 17:00 uur. (op de overige werkdagen, van maandag tot en met vrijdag, tussen 10:00 en 14:00 uur). De sleutels kunnen worden opgehaald in ons kantoor aan de avenida Emilio Romero 5 (naast hotel Agir\/Belroy).<\/strong> Voor gasten die buiten de kantooruren aankomen, wordt verzocht een e-mail te sturen of telefonisch contact op te nemen om te proberen de sleuteloverdracht te co\u00f6rdineren.<\/p>\n\n\n\n<p>Uitchecken is mogelijk tot 12:00 uur \u2019s middags. Ook hierbij wordt geprobeerd rekening te houden met de wensen van de gasten.\nDe gasten kunnen hun bagage achterlaten bij het kantoor sluitingstijd.<\/p>\n\n\n\n<hr class=\"wp-block-separator has-alpha-channel-opacity\"\/>\n\n\n\n<p><strong>ROKEN NIET TOEGESTAAN<\/strong><\/p>\n\n\n\n<p>Het is <strong>TEN STRENGESTE VERBODEN OM BINNEN IN DE APPARTEMENTEN TE ROKEN.<\/strong>.<br>Roken is alleen toegestaan op de open terrassen, als het appartement over een terras beschikt.<br><strong>Het niet naleven van deze regel zal leiden tot het volledig inhouden van de borg, zonder uitzonderingen.<\/strong><\/p>\n\n\n\n<hr class=\"wp-block-separator has-alpha-channel-opacity\"\/>\n\n\n\n<p><strong>HUISDIERENBELEID:<\/strong><br>Huisdieren zijn uitsluitend toegestaan na voorafgaand en schriftelijk akkoord via e-mail.\nIndien de gast een huisdier meebrengt zonder deze toestemming, of indien een huisdier het appartement bezoekt, zal de volledige borg worden ingehouden. Helaas kunnen katten in geen van onze appartementen worden toegestaan.<\/p>\n\n\n\n<p>Wij danken de gast voor het begrip en de medewerking om ervoor te zorgen dat de accommodatie comfortabel en veilig blijft voor iedereen.<\/p>\n\n\n\n<p><strong>Aanvullende regels:<\/strong><\/p>\n\n\n\n<ul class=\"wp-block-list\">\n<li>Huisdieren mogen geen toegang hebben tot bedden, banken, stoelen of fauteuils. Eventuele schoonmaakkosten die hieruit voortvloeien, worden aan de gast doorberekend.<\/li>\n\n\n\n<li>Indien het huisdier van de gast overlast veroorzaakt voor anderen, dient de gast het appartement onmiddellijk te verlaten, zonder recht op restitutie.<\/li>\n\n\n\n<li>Indien andere gasten gecompenseerd moeten worden vanwege klachten over het huisdier van de gast, zullen de bijbehorende kosten van de borg worden afgetrokken.<\/li>\n\n\n\n<li>Het is tevens verboden om het huisdier te wassen of af te spoelen in de badkamers van de appartementen.<\/li>\n<\/ul>\n\n\n\n<p>Aangezien niet alle gasten dezelfde affiniteit met huisdieren hebben, wordt verzocht deze regels te respecteren zodat iedereen van een aangenaam verblijf kan genieten.<\/p>\n\n\n\n<hr class=\"wp-block-separator has-alpha-channel-opacity\"\/>\n\n\n\n<p><strong>BORG:<\/strong><\/p>\n\n\n\n<p>Conchi Benidorm vraagt om een borgsom van 200 EURO, die volledig zal worden terugbetaald indien aan deze Algemene Voorwaarden is voldaan aan het einde van het verblijf en altijd via bankoverschrijving maximaal 14 dagen na vertrek.<\/p>\n\n\n\n<hr class=\"wp-block-separator has-alpha-channel-opacity\"\/>\n\n\n\n<p><strong>IDENTITEIT VAN DE GASTEN:<\/strong><\/p>\n\n\n\n<p>Conchi Benidorm moet worden ge\u00efnformeerd over het totale aantal mensen dat in het appartement zal verblijven. Gegevens als volledige naam, telefoonnummer en e-mailadres zijn nodig bij het maken van de reservering. Conchi Benidorm behoudt zich het recht voor om, indien nodig, dezelfde informatie van alle andere gasten op te vragen.<\/p>\n\n\n\n<hr class=\"wp-block-separator has-alpha-channel-opacity\"\/>\n\n\n\n<p><strong>AANTAL GASTEN:<\/strong><\/p>\n\n\n\n<p>De gast moet Conchi Benidorm informeren over het aantal gasten dat bij de reservering is inbegrepen. Tenzij anders overeengekomen, mag alleen het aantal personen dat door de gast bij de reservering is aangegeven in het appartement verblijven.<\/p>\n\n\n\n<p>In geval van schending van de hier vastgelegde verplichtingen, behoudt Conchi Benidorm zich het recht voor om de gast te verzoeken het appartement onmiddellijk te verlaten, en deze laatste heeft geen recht op enige vorm van schadevergoeding.<\/p>\n\n\n\n<hr class=\"wp-block-separator has-alpha-channel-opacity\"\/>\n\n\n\n<p><strong>ELEKTRICITEIT:<\/strong><\/p>\n\n\n\n<p>De huurprijs inclusief electriciteit (TOT \u20ac 50,00 \/ maand). Bij overschrijding van dit bedrag per maand zijn de kosten voor rekening voor de gast.<\/p>\n\n\n\n<hr class=\"wp-block-separator has-alpha-channel-opacity\"\/>\n\n\n\n<p><strong>MINIMALE LEEFTIJD EN GROEPEN:<\/strong><\/p>\n\n\n\n<p>De minimumleeftijd voor het inchecken bedraagt 25 jaar. Groepen jongeren, vrijgezellenfeesten en feesten van welke aard dan ook zijn niet toegestaan in het appartement.<\/p>\n\n\n\n<hr class=\"wp-block-separator has-alpha-channel-opacity\"\/>\n\n\n\n<p><strong>SCHOONMAAK:<\/strong><\/p>\n\n\n\n<p>De gast beschikt over beddengoed en handdoeken. Er is geen schoonmaakservice tijdens het verblijf en er worden geen handdoeken verschoond. (Alle appartementen zijn voorzien van een wasmachine).<\/p>\n\n\n\n<hr class=\"wp-block-separator has-alpha-channel-opacity\"\/>\n\n\n\n<p><strong>VERANTWOORDELIJKHEDEN:<\/strong><\/p>\n\n\n\n<p>Conchi Benidorm is niet verantwoordelijk voor schade die de gast oploopt tijdens het verblijf in het appartement, zoals verwondingen, diefstal, brand of andere criminele activiteiten. In het geval dat er tijdens het verblijf van de gast in het appartement een storing optreedt die geen verband houdt met misbruik door de gast, dan zal Conchi Benidorm ervoor zorgen dat dit zo snel mogelijk wordt verholpen. Als het probleem om de een of andere reden niet kan worden opgelost, zal Conchi Benidorm een ander appartement aanbieden.<\/p>\n\n\n\n<p>Het is de verantwoordelijkheid van de gast om het appartement in goede staat achter te laten. De gasten zijn verantwoordelijk voor de schade aan het appartement, met uitzondering van de normale slijtage als gevolg van het dagelijks gebruik ervan.<\/p>\n\n\n\n<p>Eventuele schade in het appartement wordt in mindering gebracht op de borg. Als de kosten voor het herstel van de veroorzaakte schade de waarde van de borg overschrijden, wordt de gast ge\u00ebist het bedrag te betalen.<\/p>\n\n\n\n<hr class=\"wp-block-separator has-alpha-channel-opacity\"\/>\n\n\n\n<p><strong>HUISREGELS:<\/strong><\/p>\n\n\n\n<p>In geval van onverantwoordelijk gedrag, viering van feesten of klachten van andere gasten\/buren, behoudt Conchi Benidorm zich het recht voor om de klant en de rest van de gasten te verzoeken het appartement onmiddellijk te verlaten, ongeacht het tijdstip waarop het zich voordoet en de rest van de de gereserveerde nachten. In dat geval heeft de klant geen recht op enige vorm van schadevergoeding.<\/p>\n\n\n\n<hr class=\"wp-block-separator has-alpha-channel-opacity\"\/>\n\n\n\n<p><strong>WIFI \/ INTERNET:<\/strong><\/p>\n\n\n\n<p>Al onze appartementen beschikken over internet. Onze gasten mogen hier gratis gebruik van maken. Conchi Benidorm is niet verantwoordelijk voor verkeerd gebruik ervan (routers resetten, manipulatie van kabels, etc...) noch voor (tijdelijke) storingen.<\/p>\n\n\n\n<hr class=\"wp-block-separator has-alpha-channel-opacity\"\/>\n\n\n\n<p><strong>LLAVES Y ACCESO:<\/strong><\/p>\n\n\n\n<p>Tijdens het inchecken ontvangt de gast \u00e9\u00e9n set sleutels van het appartement. Indien een tweede set sleutels gewenst is, kan deze vooraf worden aangevraagd en op verzoek worden verstrekt. Het is de verantwoordelijkheid van de gast om zorgvuldig met de sleutels om te gaan en deze correct te bewaren. Indien de gast de sleutels in het appartement achterlaat en zichzelf buitensluit, valt dit onder de eigen verantwoordelijkheid van de gast en kan hiervoor geen aanspraak worden gemaakt.<\/p>\n\n\n\n<p>Tijdens kantooruren kan de gast, indien dit probleem zich voordoet, een extra set sleutels aanvragen, mits deze beschikbaar is. Indien er sleutels beschikbaar zijn, kunnen deze zonder extra kosten worden opgehaald om toegang tot het appartement te verkrijgen en de oorspronkelijke sleutels te recupereren.\nBuiten kantooruren dient de gast, indien hulp nodig is bij het openen van de deur, contact met ons op te nemen om de beschikbaarheid van personeel te verifi\u00ebren. Indien assistentie kan worden verleend, bedraagt de kost van deze service \u20ac 75, te voldoen op het moment van de interventie.<\/p>\n\n\n\n<p><strong>BELANGRIJK:<\/strong><br>Indien de sleutels aan de binnenzijde in het slot zijn achtergelaten, kan uitsluitend een slotenmaker de deur openen. De gast is zelf verantwoordelijk voor het rechtstreeks contacteren van een slotenmaker en voor het dragen van de kosten van deze dienst, die kunnen oplopen tot \u20ac 400, aangezien er geen wettelijk vastgestelde tarieven bestaan. Het wordt aanbevolen de prijs vooraf te bevestigen alvorens de dienst te laten uitvoeren.<\/p>\n\n\n\n<hr class=\"wp-block-separator has-alpha-channel-opacity\"\/>\n\n\n\n<p><strong>MANDO\/LLAVE DEL GARAJE:<\/strong><\/p>\n\n\n\n<p>De gast kan bij het maken van de reservering een afstandsbediening of sleutel voor de garage aanvragen. In geval van verlies of beschadiging wordt \u20ac 80 van de borg ingehouden.\nHetzelfde geldt voor de identificatiekaart van de garage: bij verlies of (on)opzettelijk meenemen wordt \u20ac 50 van de borg afgetrokken.<\/p>\n\n\n\n<hr class=\"wp-block-separator has-alpha-channel-opacity\"\/>\n\n\n\n<p><strong>TOEGANG TOT DE APPARTEMENTEN:<\/strong><\/p>\n\n\n\n<p>In het geval van onderhoud wordt de gast vooraf ge\u00efnformeerd dat een medewerker op een bepaalde datum het appartement zal betreden.<\/p>\n\n\n\n<p>In geval van nood hebben de medewerkers van Conchi Benidorm echter het recht om de appartementen onmiddellijk te betreden, zelfs als ze de gast niet hebben kunnen informeren.<\/p>\n\n\n\n<hr class=\"wp-block-separator has-alpha-channel-opacity\"\/>\n\n\n\n<p><strong>ONZE REGELS:<\/strong><\/p>\n\n\n\n<p>Er wordt aan de gasten verzocht de onderstaande huisregels zorgvuldig door te lezen om misverstanden te voorkomen. Het voornaamste doel is ervoor te zorgen dat alle gasten kunnen genieten van een aangenaam verblijf in Benidorm.<\/p>\n\n\n\n<ol class=\"wp-block-list\">\n<li><strong>Respecteren van buren en andere gasten:<\/strong>Het is van essentieel belang dat gasten respect tonen voor de buren en andere verblijvende personen, aangezien sommigen van hen mogelijk niet in Benidorm verblijven voor vakantie. Er dient te allen tijde een gepast geluidsniveau te worden aangehouden, zowel in de gemeenschappelijke ruimtes van het gebouw als in de appartementen.<\/li>\n\n\n\n<li><strong>Verbod op feesten:<\/strong>Het is ten strengste verboden om feesten te organiseren in de appartementen en in de gemeenschappelijke ruimtes van het gebouw.<\/li>\n\n\n\n<li><strong>Energiebesparing:<\/strong>Gasten wordt verzocht de airconditioning, verlichting en andere elektrische apparaten uit te schakelen wanneer zij het appartement verlaten.<\/li>\n\n\n\n<li><strong>Staat van het appartement bij vertrek:<\/strong>Van de gasten wordt verwacht dat zij het appartement in een redelijke staat achterlaten, met bijzondere aandacht voor de netheid van de badkamer en de keuken. Er mogen geen afvalresten of etenswaren in het appartement worden achtergelaten.\nIn uitzonderlijke gevallen, zoals de ophoping van afval, haren van huisdieren of het verplaatsen van meubilair, zullen de kosten voor de tijd die nodig is om het appartement in de oorspronkelijke staat te herstellen aan de gast worden doorberekend.<\/li>\n<\/ol>","protected":false},"excerpt":{"rendered":"<p>RESERVAS: Una vez que se realiza la solicitud de reserva a trav\u00e9s del formulario de reserva, facilit\u00e1ndonos los datos necesarios, el hu\u00e9sped recibir\u00e1 un correo electr\u00f3nico de inmobiliaria Conchi Benidorm con informaci\u00f3n detallada sobre la confirmaci\u00f3n de la reserva. Para realizar la reserva se pagar\u00e1 el anticipo de \u20ac 200,00. El importe restante se devolver\u00e1 &#8230;<\/p>","protected":false},"author":1,"featured_media":0,"parent":0,"menu_order":0,"comment_status":"closed","ping_status":"closed","template":"","meta":{"footnotes":""},"class_list":["post-19511","page","type-page","status-publish","hentry"],"_links":{"self":[{"href":"https:\/\/conchibenidorm.com\/nl\/wp-json\/wp\/v2\/pages\/19511","targetHints":{"allow":["GET"]}}],"collection":[{"href":"https:\/\/conchibenidorm.com\/nl\/wp-json\/wp\/v2\/pages"}],"about":[{"href":"https:\/\/conchibenidorm.com\/nl\/wp-json\/wp\/v2\/types\/page"}],"author":[{"embeddable":true,"href":"https:\/\/conchibenidorm.com\/nl\/wp-json\/wp\/v2\/users\/1"}],"replies":[{"embeddable":true,"href":"https:\/\/conchibenidorm.com\/nl\/wp-json\/wp\/v2\/comments?post=19511"}],"version-history":[{"count":43,"href":"https:\/\/conchibenidorm.com\/nl\/wp-json\/wp\/v2\/pages\/19511\/revisions"}],"predecessor-version":[{"id":32519,"href":"https:\/\/conchibenidorm.com\/nl\/wp-json\/wp\/v2\/pages\/19511\/revisions\/32519"}],"wp:attachment":[{"href":"https:\/\/conchibenidorm.com\/nl\/wp-json\/wp\/v2\/media?parent=19511"}],"curies":[{"name":"wp","href":"https:\/\/api.w.org\/{rel}","templated":true}]}}